{"id":26061,"date":"2023-03-29T06:25:58","date_gmt":"2023-03-29T11:25:58","guid":{"rendered":"https:\/\/luisbetancourt.co\/tacticomd\/?post_type=product&#038;p=26061"},"modified":"2026-01-07T10:11:23","modified_gmt":"2026-01-07T15:11:23","slug":"curso-de-automatizacion","status":"publish","type":"product","link":"https:\/\/luisbetancourt.co\/consola\/producto\/curso-de-automatizacion\/","title":{"rendered":"Curso de Automatizaci\u00f3n"},"content":{"rendered":"<ul>\n<li>Introducci\u00f3n a la automatizaci\u00f3n<\/li>\n<li>Dise\u00f1o de procesos automatizados<\/li>\n<li>Herramientas para automatizaci\u00f3n de procesos<\/li>\n<li>Ejemplos de automatizaci\u00f3n con Zapier<\/li>\n<li>Ejemplos de automatizaci\u00f3n con Make<\/li>\n<li>Implementaci\u00f3n en la automatizaci\u00f3n de procesos<\/li>\n<li>Caso de estudio de Automatizaci\u00f3n<\/li>\n<\/ul>\n","protected":false},"excerpt":{"rendered":"<p><b>Deja de perder tanto tiempo en tareas operativas y repetitivas <\/b><span style=\"font-weight: 400;\">en tu d\u00eda a d\u00eda apoy\u00e1ndote en diferentes tecnolog\u00edas para poder automatizarlas y as\u00ed enfocarte en labores donde puedes generar m\u00e1s valor (Para tus negocios, tu vida profesional y personal)<\/span><\/p>\n","protected":false},"featured_media":26062,"template":"","meta":[],"product_brand":[],"product_cat":[74],"product_tag":[],"class_list":{"0":"post-26061","1":"product","2":"type-product","3":"status-publish","4":"has-post-thumbnail","6":"product_cat-cursos","7":"user-has-not-earned","9":"first","10":"instock","11":"virtual","12":"sold-individually","13":"purchasable","14":"product-type-course"},"_links":{"self":[{"href":"https:\/\/luisbetancourt.co\/consola\/wp-json\/wp\/v2\/product\/26061","targetHints":{"allow":["GET"]}}],"collection":[{"href":"https:\/\/luisbetancourt.co\/consola\/wp-json\/wp\/v2\/product"}],"about":[{"href":"https:\/\/luisbetancourt.co\/consola\/wp-json\/wp\/v2\/types\/product"}],"wp:featuredmedia":[{"embeddable":true,"href":"https:\/\/luisbetancourt.co\/consola\/wp-json\/wp\/v2\/media\/26062"}],"wp:attachment":[{"href":"https:\/\/luisbetancourt.co\/consola\/wp-json\/wp\/v2\/media?parent=26061"}],"wp:term":[{"taxonomy":"product_brand","embeddable":true,"href":"https:\/\/luisbetancourt.co\/consola\/wp-json\/wp\/v2\/product_brand?post=26061"},{"taxonomy":"product_cat","embeddable":true,"href":"https:\/\/luisbetancourt.co\/consola\/wp-json\/wp\/v2\/product_cat?post=26061"},{"taxonomy":"product_tag","embeddable":true,"href":"https:\/\/luisbetancourt.co\/consola\/wp-json\/wp\/v2\/product_tag?post=26061"}],"curies":[{"name":"wp","href":"https:\/\/api.w.org\/{rel}","templated":true}]}}