{"id":25655,"date":"2022-06-20T18:55:23","date_gmt":"2022-06-20T23:55:23","guid":{"rendered":"https:\/\/luisbetancourt.co\/tacticomd\/?post_type=product&#038;p=25655"},"modified":"2026-01-07T10:11:55","modified_gmt":"2026-01-07T15:11:55","slug":"curso-de-gestion-de-comunidades-y-redes-sociales","status":"publish","type":"product","link":"https:\/\/luisbetancourt.co\/consola\/producto\/curso-de-gestion-de-comunidades-y-redes-sociales\/","title":{"rendered":"Curso de gesti\u00f3n de comunidades y redes sociales"},"content":{"rendered":"<ul>\n<li>Introducci\u00f3n al manejo de comunidades<\/li>\n<li>Historia de la comunidades virtuales<\/li>\n<li>Canvas de Comunidad<\/li>\n<li>Facebook<\/li>\n<li>Instagram<\/li>\n<li>LinkedIn<\/li>\n<li>Youtube<\/li>\n<li>Perfil profesional de Google<\/li>\n<li>Twitter<\/li>\n<li>Pinterest<\/li>\n<li>Snapchat<\/li>\n<li>TikTok<\/li>\n<li>Clubhouse<\/li>\n<li>Whatsapp<\/li>\n<li>Telegram<\/li>\n<li>Slack<\/li>\n<li>Discord<\/li>\n<li>Otros espacios de comunidad<\/li>\n<li>Pasos para dise\u00f1ar una estrategia para redes sociales<\/li>\n<li>Calendario Social<\/li>\n<li>Matriz de competidores (Redes Sociales)<\/li>\n<li>Cl\u00ednica de Redes Sociales<\/li>\n<li>Caso de Estudio de gesti\u00f3n de comunidades y redes sociales<\/li>\n<li>Resoluci\u00f3n de dudas del m\u00f3dulo, cierre y retroalimentaci\u00f3n<\/li>\n<\/ul>\n","protected":false},"excerpt":{"rendered":"<p>Aprende a dise\u00f1ar e implementar una estrategia para crear, crecer y fidelizar una comunidad virtual en redes sociales u otras plataformas.<\/p>\n","protected":false},"featured_media":25656,"template":"","meta":[],"product_brand":[],"product_cat":[67],"product_tag":[],"class_list":{"0":"post-25655","1":"product","2":"type-product","3":"status-publish","4":"has-post-thumbnail","6":"product_cat-sin-categoria","7":"user-has-not-earned","9":"first","10":"instock","11":"virtual","12":"sold-individually","13":"purchasable","14":"product-type-course"},"_links":{"self":[{"href":"https:\/\/luisbetancourt.co\/consola\/wp-json\/wp\/v2\/product\/25655","targetHints":{"allow":["GET"]}}],"collection":[{"href":"https:\/\/luisbetancourt.co\/consola\/wp-json\/wp\/v2\/product"}],"about":[{"href":"https:\/\/luisbetancourt.co\/consola\/wp-json\/wp\/v2\/types\/product"}],"wp:featuredmedia":[{"embeddable":true,"href":"https:\/\/luisbetancourt.co\/consola\/wp-json\/wp\/v2\/media\/25656"}],"wp:attachment":[{"href":"https:\/\/luisbetancourt.co\/consola\/wp-json\/wp\/v2\/media?parent=25655"}],"wp:term":[{"taxonomy":"product_brand","embeddable":true,"href":"https:\/\/luisbetancourt.co\/consola\/wp-json\/wp\/v2\/product_brand?post=25655"},{"taxonomy":"product_cat","embeddable":true,"href":"https:\/\/luisbetancourt.co\/consola\/wp-json\/wp\/v2\/product_cat?post=25655"},{"taxonomy":"product_tag","embeddable":true,"href":"https:\/\/luisbetancourt.co\/consola\/wp-json\/wp\/v2\/product_tag?post=25655"}],"curies":[{"name":"wp","href":"https:\/\/api.w.org\/{rel}","templated":true}]}}