{"id":24912,"date":"2022-01-09T15:09:38","date_gmt":"2022-01-09T20:09:38","guid":{"rendered":"https:\/\/luisbetancourt.co\/tacticomd\/?post_type=product&#038;p=24912"},"modified":"2026-01-07T10:13:29","modified_gmt":"2026-01-07T15:13:29","slug":"tacticomd-plus","status":"publish","type":"product","link":"https:\/\/luisbetancourt.co\/consola\/producto\/tacticomd-plus\/","title":{"rendered":"T\u00e1cticoMD Plus"},"content":{"rendered":"","protected":false},"excerpt":{"rendered":"<p>T\u00e1cticoMD + Paquete de 8 horas de asesor\u00eda personalizada (Videoconferencia)<\/p>\n<ul>\n<li>12 m\u00f3dulos (1 por mes durante 2022)<\/li>\n<li>120+ horas de contenido h\u00edbrido (En vivo y en video)<\/li>\n<li>25+ invitados expertos de la industria<\/li>\n<li>4 cl\u00ednicas (Sitios web, SEO, Google Ads, Facebook\/Instagram\/Linkedin Ads)<\/li>\n<li>20+ formatos\/plantillas<\/li>\n<li>8 Casos de estudio<\/li>\n<li>9 concursos<\/li>\n<li>Sesiones de networking<\/li>\n<li>Sesiones de resoluci\u00f3n de dudas<\/li>\n<li>Acceso a sesiones mensuales de actualizaci\u00f3n<\/li>\n<li>Acceso a la Comunidad de T\u00e1cticoMD en Slack (600+)<\/li>\n<li>Descuento en asesor\u00edas de Marketing Digital<\/li>\n<li>Apoyo en contrataci\u00f3n<\/li>\n<li><strong>8 horas de asesor\u00eda personailizada en Marketing Digital<\/strong><\/li>\n<\/ul>\n","protected":false},"featured_media":24947,"template":"","meta":[],"product_brand":[],"product_cat":[74],"product_tag":[],"class_list":{"0":"post-24912","1":"product","2":"type-product","3":"status-publish","4":"has-post-thumbnail","6":"product_cat-cursos","7":"user-has-not-earned","9":"first","10":"instock","11":"virtual","12":"sold-individually","13":"purchasable","14":"product-type-course"},"_links":{"self":[{"href":"https:\/\/luisbetancourt.co\/consola\/wp-json\/wp\/v2\/product\/24912","targetHints":{"allow":["GET"]}}],"collection":[{"href":"https:\/\/luisbetancourt.co\/consola\/wp-json\/wp\/v2\/product"}],"about":[{"href":"https:\/\/luisbetancourt.co\/consola\/wp-json\/wp\/v2\/types\/product"}],"wp:featuredmedia":[{"embeddable":true,"href":"https:\/\/luisbetancourt.co\/consola\/wp-json\/wp\/v2\/media\/24947"}],"wp:attachment":[{"href":"https:\/\/luisbetancourt.co\/consola\/wp-json\/wp\/v2\/media?parent=24912"}],"wp:term":[{"taxonomy":"product_brand","embeddable":true,"href":"https:\/\/luisbetancourt.co\/consola\/wp-json\/wp\/v2\/product_brand?post=24912"},{"taxonomy":"product_cat","embeddable":true,"href":"https:\/\/luisbetancourt.co\/consola\/wp-json\/wp\/v2\/product_cat?post=24912"},{"taxonomy":"product_tag","embeddable":true,"href":"https:\/\/luisbetancourt.co\/consola\/wp-json\/wp\/v2\/product_tag?post=24912"}],"curies":[{"name":"wp","href":"https:\/\/api.w.org\/{rel}","templated":true}]}}