{"id":22579,"date":"2020-11-02T18:22:47","date_gmt":"2020-11-02T23:22:47","guid":{"rendered":"https:\/\/luisbetancourt.co\/?post_type=product&#038;p=22579"},"modified":"2026-01-07T10:31:46","modified_gmt":"2026-01-07T15:31:46","slug":"seo","status":"publish","type":"product","link":"https:\/\/luisbetancourt.co\/consola\/producto\/seo\/","title":{"rendered":"Curso de SEO"},"content":{"rendered":"<p>Los contenidos:<\/p>\n<ul>\n<li>Introducci\u00f3n al SEO<\/li>\n<li>Historia de los motores de b\u00fasqueda<\/li>\n<li>Nociones b\u00e1sicas de SEO<\/li>\n<li>Optimizaci\u00f3n en la p\u00e1gina web<\/li>\n<li>SEO en WordPress<\/li>\n<li>Optimizaci\u00f3n fuera de la p\u00e1gina web<\/li>\n<li>Link Building<\/li>\n<li>Herramientas para SEO<\/li>\n<li>Auditoria SEO<\/li>\n<li>Matriz de Competidores (SEO)<\/li>\n<li>Caso de Estudio de SEO<\/li>\n<li>Resoluci\u00f3n de dudas del m\u00f3dulo, cierre y retroalimentaci\u00f3n<\/li>\n<\/ul>\n","protected":false},"excerpt":{"rendered":"<p>Aprende a optimizar las p\u00e1ginas de tu sitio web y fortalecer su autoridad para llegar a las primeras posiciones de Google y as\u00ed aumentar los resultados de tu negocio<\/p>\n","protected":false},"featured_media":25434,"template":"","meta":[],"product_brand":[],"product_cat":[74],"product_tag":[],"class_list":{"0":"post-22579","1":"product","2":"type-product","3":"status-publish","4":"has-post-thumbnail","6":"product_cat-cursos","7":"user-has-not-earned","9":"first","10":"instock","11":"virtual","12":"sold-individually","13":"purchasable","14":"product-type-course"},"_links":{"self":[{"href":"https:\/\/luisbetancourt.co\/consola\/wp-json\/wp\/v2\/product\/22579","targetHints":{"allow":["GET"]}}],"collection":[{"href":"https:\/\/luisbetancourt.co\/consola\/wp-json\/wp\/v2\/product"}],"about":[{"href":"https:\/\/luisbetancourt.co\/consola\/wp-json\/wp\/v2\/types\/product"}],"wp:featuredmedia":[{"embeddable":true,"href":"https:\/\/luisbetancourt.co\/consola\/wp-json\/wp\/v2\/media\/25434"}],"wp:attachment":[{"href":"https:\/\/luisbetancourt.co\/consola\/wp-json\/wp\/v2\/media?parent=22579"}],"wp:term":[{"taxonomy":"product_brand","embeddable":true,"href":"https:\/\/luisbetancourt.co\/consola\/wp-json\/wp\/v2\/product_brand?post=22579"},{"taxonomy":"product_cat","embeddable":true,"href":"https:\/\/luisbetancourt.co\/consola\/wp-json\/wp\/v2\/product_cat?post=22579"},{"taxonomy":"product_tag","embeddable":true,"href":"https:\/\/luisbetancourt.co\/consola\/wp-json\/wp\/v2\/product_tag?post=22579"}],"curies":[{"name":"wp","href":"https:\/\/api.w.org\/{rel}","templated":true}]}}