{"id":13054,"date":"2015-06-08T22:07:55","date_gmt":"2015-06-08T22:07:55","guid":{"rendered":"\/?page_id=13054"},"modified":"2019-12-27T12:19:39","modified_gmt":"2019-12-27T17:19:39","slug":"terminos-y-condiciones","status":"publish","type":"page","link":"https:\/\/luisbetancourt.co\/consola\/terminos-y-condiciones\/","title":{"rendered":"T\u00e9rminos y condiciones"},"content":{"rendered":"<p dir=\"ltr\">De acuerdo con lo establecido en el Decreto 1377 de 2013, que reglament\u00f3 parcialmente la Ley General de Protecci\u00f3n de Datos Personales, Ley 1581 de 2012, para LuisBetancourt.co es un deber el manejo responsable y adecuado de las bases de datos suministrado por los usuarios de sus servicios digitales, por lo anterior, informa su pol\u00edtica sobre esa materia:<\/p>\n<p dir=\"ltr\">1. Los datos personales que los usuarios suministren o hayan suministrado a LuisBetancourt.co son objeto de tratamiento (recolecci\u00f3n, almacenamiento, uso, circulaci\u00f3n o supresi\u00f3n) con la finalidad de informarle sobre las novedades de nuestros servicios, as\u00ed como de sus promociones y\/o campa\u00f1as comerciales, realizar encuestas de satisfacci\u00f3n y fortalecer nuestros canales de servicio al cliente.<\/p>\n<p dir=\"ltr\">2. Los datos se usar\u00e1n de manera adecuada, administrando en todo momento la informaci\u00f3n para los fines anunciados, conserv\u00e1ndose y manej\u00e1ndose bajo estrictas medidas de seguridad, buscando impedir la adulteraci\u00f3n, p\u00e9rdida, consulta o acceso no autorizado o fraudulento de la informaci\u00f3n.<\/p>\n<p dir=\"ltr\">3. A trav\u00e9s de este medio LuisBetancourt.co solicita la autorizaci\u00f3n a todos sus usuarios para continuar haciendo uso de los datos personales de manera adecuada. As\u00ed mismo, en cualquier momento el usuario puede corregir, actualizar o eliminar su informaci\u00f3n de nuestra base de datos.<\/p>\n<p dir=\"ltr\">4. Para ejercer tales derechos el usuario podr\u00e1 contactarse a trav\u00e9s del portal LuisBetancourt.co o a trav\u00e9s del correo info@LuisBetancourt.co.<\/p>\n","protected":false},"excerpt":{"rendered":"<p>De acuerdo con lo establecido en el Decreto 1377 de 2013, que reglament\u00f3 parcialmente la Ley General de Protecci\u00f3n de Datos Personales, Ley 1581 de 2012, para LuisBetancourt.co es un deber el manejo responsable y adecuado de las bases de datos suministrado por los usuarios de sus servicios digitales, por lo anterior, informa su pol\u00edtica  [&#8230;]<\/p>\n","protected":false},"author":1,"featured_media":0,"parent":0,"menu_order":0,"comment_status":"open","ping_status":"open","template":"","meta":{"footnotes":""},"class_list":["post-13054","page","type-page","status-publish","hentry","user-has-not-earned"],"_links":{"self":[{"href":"https:\/\/luisbetancourt.co\/consola\/wp-json\/wp\/v2\/pages\/13054","targetHints":{"allow":["GET"]}}],"collection":[{"href":"https:\/\/luisbetancourt.co\/consola\/wp-json\/wp\/v2\/pages"}],"about":[{"href":"https:\/\/luisbetancourt.co\/consola\/wp-json\/wp\/v2\/types\/page"}],"author":[{"embeddable":true,"href":"https:\/\/luisbetancourt.co\/consola\/wp-json\/wp\/v2\/users\/1"}],"replies":[{"embeddable":true,"href":"https:\/\/luisbetancourt.co\/consola\/wp-json\/wp\/v2\/comments?post=13054"}],"version-history":[{"count":0,"href":"https:\/\/luisbetancourt.co\/consola\/wp-json\/wp\/v2\/pages\/13054\/revisions"}],"wp:attachment":[{"href":"https:\/\/luisbetancourt.co\/consola\/wp-json\/wp\/v2\/media?parent=13054"}],"curies":[{"name":"wp","href":"https:\/\/api.w.org\/{rel}","templated":true}]}}